{"id":29,"date":"2011-12-23T20:50:01","date_gmt":"2011-12-23T19:50:01","guid":{"rendered":"http:\/\/mrc92.lettron.fr\/?page_id=29"},"modified":"2015-05-30T18:11:30","modified_gmt":"2015-05-30T17:11:30","slug":"29-2","status":"publish","type":"page","link":"https:\/\/mrc92.fr\/index.php\/29-2\/","title":{"rendered":"Textes fondateurs de la r\u00e9publique"},"content":{"rendered":"<div align=\"left\">\n<ul>\n<li><a href=\"http:\/\/www.conseil-constitutionnel.fr\/conseil-constitutionnel\/francais\/la-constitution\/la-constitution-du-4-octobre-1958\/la-constitution-du-4-octobre-1958.5071.html\"><b>Constitution de 1958 &#8211; V<span style=\"font-size: x-small;\">\u00e8me<\/span>\u00a0R\u00e9publique<\/b><\/a><\/li>\n<\/ul>\n<ul>\n<li><a href=\"http:\/\/www.conseil-constitutionnel.fr\/conseil-constitutionnel\/francais\/la-constitution\/les-constitutions-de-la-france\/les-constitutions-de-la-france.5080.html\"><strong>Les Constitutions de la France<\/strong><\/a><\/li>\n<\/ul>\n<\/div>\n<div align=\"left\">\n<ul>\n<li><b><a href=\"http:\/\/www.legifrance.gouv.fr\/affichTexte.do?cidTexte=JORFTEXT000000508749\">Loi concernant la s\u00e9paration des l&rsquo;Eglises et de l&rsquo;Etat<\/a><\/b><\/li>\n<\/ul>\n<\/div>\n<div align=\"left\">\n<ul>\n<li><a href=\"http:\/\/www.conseil-constitutionnel.fr\/conseil-constitutionnel\/francais\/la-constitution\/la-constitution-du-4-octobre-1958\/declaration-des-droits-de-l-homme-et-du-citoyen-de-1789.5076.html\"><b>D\u00e9claration des droits de l&rsquo;Homme et du Citoyen<\/b><\/a><\/li>\n<\/ul>\n<\/div>\n","protected":false},"excerpt":{"rendered":"<p>Constitution de 1958 &#8211; V\u00e8me\u00a0R\u00e9publique Les Constitutions de la France Loi concernant la s\u00e9paration des l&rsquo;Eglises et de l&rsquo;Etat D\u00e9claration des droits de l&rsquo;Homme et du Citoyen<\/p>\n","protected":false},"author":1,"featured_media":0,"parent":0,"menu_order":3,"comment_status":"closed","ping_status":"closed","template":"","meta":{"footnotes":""},"class_list":["post-29","page","type-page","status-publish","hentry"],"_links":{"self":[{"href":"https:\/\/mrc92.fr\/index.php\/wp-json\/wp\/v2\/pages\/29","targetHints":{"allow":["GET"]}}],"collection":[{"href":"https:\/\/mrc92.fr\/index.php\/wp-json\/wp\/v2\/pages"}],"about":[{"href":"https:\/\/mrc92.fr\/index.php\/wp-json\/wp\/v2\/types\/page"}],"author":[{"embeddable":true,"href":"https:\/\/mrc92.fr\/index.php\/wp-json\/wp\/v2\/users\/1"}],"replies":[{"embeddable":true,"href":"https:\/\/mrc92.fr\/index.php\/wp-json\/wp\/v2\/comments?post=29"}],"version-history":[{"count":7,"href":"https:\/\/mrc92.fr\/index.php\/wp-json\/wp\/v2\/pages\/29\/revisions"}],"predecessor-version":[{"id":1278,"href":"https:\/\/mrc92.fr\/index.php\/wp-json\/wp\/v2\/pages\/29\/revisions\/1278"}],"wp:attachment":[{"href":"https:\/\/mrc92.fr\/index.php\/wp-json\/wp\/v2\/media?parent=29"}],"curies":[{"name":"wp","href":"https:\/\/api.w.org\/{rel}","templated":true}]}}