{"id":2648,"date":"2018-12-21T17:47:09","date_gmt":"2018-12-21T16:47:09","guid":{"rendered":"http:\/\/mrc92.fr\/?page_id=2648"},"modified":"2018-12-21T17:51:16","modified_gmt":"2018-12-21T16:51:16","slug":"christian-hutin-cette-revolte-est-une-expression-du-genie-francais-2","status":"publish","type":"page","link":"https:\/\/mrc92.fr\/index.php\/christian-hutin-cette-revolte-est-une-expression-du-genie-francais-2\/","title":{"rendered":"Christian Hutin : \u00abCette r\u00e9volte est une expression du g\u00e9nie fran\u00e7ais\u00bb"},"content":{"rendered":"\t\t<div data-elementor-type=\"wp-post\" data-elementor-id=\"2648\" class=\"elementor elementor-2648 elementor-bc-flex-widget\">\n\t\t\t\t\t\t<section class=\"elementor-section elementor-top-section elementor-element elementor-element-af2ee74 elementor-section-boxed elementor-section-height-default elementor-section-height-default\" data-id=\"af2ee74\" data-element_type=\"section\" data-e-type=\"section\">\n\t\t\t\t\t\t<div class=\"elementor-container elementor-column-gap-default\">\n\t\t\t\t\t<div class=\"elementor-column elementor-col-100 elementor-top-column elementor-element elementor-element-3471744\" data-id=\"3471744\" data-element_type=\"column\" data-e-type=\"column\">\n\t\t\t<div class=\"elementor-widget-wrap elementor-element-populated\">\n\t\t\t\t\t\t<div class=\"elementor-element elementor-element-2389c1f elementor-widget elementor-widget-heading\" data-id=\"2389c1f\" data-element_type=\"widget\" data-e-type=\"widget\" data-widget_type=\"heading.default\">\n\t\t\t\t<div class=\"elementor-widget-container\">\n\t\t\t\t\t<h2 class=\"elementor-heading-title elementor-size-default\">Christian Hutin analyse le mouvement des Gilets jaunes pour RT France. Le d\u00e9put\u00e9 chev\u00e8nementiste se r\u00e9jouit de voir les Gilets jaunes parvenir \u00e0 faire bouger certaines lignes, comme en t\u00e9moigne la d\u00e9cision de l'Etat de taxer les Gafa. (ENTRETIEN)<\/h2>\t\t\t\t<\/div>\n\t\t\t\t<\/div>\n\t\t\t\t\t<\/div>\n\t\t<\/div>\n\t\t\t\t\t<\/div>\n\t\t<\/section>\n\t\t\t\t<section class=\"elementor-section elementor-top-section elementor-element elementor-element-9415f6b elementor-section-boxed elementor-section-height-default elementor-section-height-default\" data-id=\"9415f6b\" data-element_type=\"section\" data-e-type=\"section\">\n\t\t\t\t\t\t<div class=\"elementor-container elementor-column-gap-default\">\n\t\t\t\t\t<div class=\"elementor-column elementor-col-33 elementor-top-column elementor-element elementor-element-fb7e77c\" data-id=\"fb7e77c\" data-element_type=\"column\" data-e-type=\"column\">\n\t\t\t<div class=\"elementor-widget-wrap elementor-element-populated\">\n\t\t\t\t\t\t<div class=\"elementor-element elementor-element-6a5cd9b elementor-widget elementor-widget-text-editor\" data-id=\"6a5cd9b\" data-element_type=\"widget\" data-e-type=\"widget\" data-widget_type=\"text-editor.default\">\n\t\t\t\t<div class=\"elementor-widget-container\">\n\t\t\t\t\t\t\t\t\t<p><strong>Christian Hutin est d\u00e9put\u00e9 du Mouvement r\u00e9publicain et citoyen (MRC) du Nord depuis 2012. Chev\u00e8nementiste, il a \u00e9t\u00e9 maire de Saint-Pol-sur-Mer et Vice-Pr\u00e9sident de la Communaut\u00e9 urbaine de Dunkerque de 1995 \u00e0 2017.<\/strong><\/p>\t\t\t\t\t\t\t\t<\/div>\n\t\t\t\t<\/div>\n\t\t\t\t\t<\/div>\n\t\t<\/div>\n\t\t\t\t<div class=\"elementor-column elementor-col-66 elementor-top-column elementor-element elementor-element-a7bfb13\" data-id=\"a7bfb13\" data-element_type=\"column\" data-e-type=\"column\">\n\t\t\t<div class=\"elementor-widget-wrap elementor-element-populated\">\n\t\t\t\t\t\t<div class=\"elementor-element elementor-element-485e453 elementor-widget elementor-widget-text-editor\" data-id=\"485e453\" data-element_type=\"widget\" data-e-type=\"widget\" data-widget_type=\"text-editor.default\">\n\t\t\t\t<div class=\"elementor-widget-container\">\n\t\t\t\t\t\t\t\t\t<p><strong>RT France :\u00a0A l\u2019approche de l\u2019Acte 6 des Gilets jaunes, pensez-vous que <a href=\"https:\/\/francais.rt.com\/economie\/56988-matignon-presente-addition-revision-budget-2019-finalement-deficit\">les derni\u00e8res annonces gouvernementales<\/a> vont apaiser et essouffler le mouvement ?<\/strong><\/p><p><strong>Christian Hutin (C. H.) :<\/strong> Les annonces ont apais\u00e9 manifestement. Il y a eu un essoufflement du mouvement. C&rsquo;est aussi le fait de plusieurs choses : d&rsquo;une, un certain nombre de violences et d\u2019\u00e9l\u00e9ments qui ne correspondaient pas \u00e0 la mentalit\u00e9 d\u2019une partie des gens, qui \u00e9taient sur les ronds-points ou qui manifestaient, ont jou\u00e9 dans l&rsquo;essoufflement.<\/p><p>Il y \u00e9galement un certain nombre de Fran\u00e7ais qui travaillent, qui sont parfois eux-m\u00eames des Gilets jaunes avec les m\u00eames difficult\u00e9s. Cela peut commencer \u00e0 pr\u00e9senter de v\u00e9ritables difficult\u00e9s par rapport \u00e0 leur travail, pour pouvoir s\u2019y rendre.<\/p><p>Je pense enfin aux commer\u00e7ants ou \u00e0 ces milliers de personnes qui ne vont pas avoir de boulot \u00e0 No\u00ebl du fait des manifestations sociales. C\u2019est un ensemble qui fait que le mouvement s&rsquo;essouffle.<\/p><p>En revanche, l\u2019id\u00e9e d\u2019avoir plus de justice sociale ou de r\u00e9former notre syst\u00e8me global de partage de richesse c\u2019est quelque chose qui restera.<\/p>\t\t\t\t\t\t\t\t<\/div>\n\t\t\t\t<\/div>\n\t\t\t\t\t<\/div>\n\t\t<\/div>\n\t\t\t\t\t<\/div>\n\t\t<\/section>\n\t\t\t\t<section class=\"elementor-section elementor-top-section elementor-element elementor-element-d356b8f elementor-section-boxed elementor-section-height-default elementor-section-height-default\" data-id=\"d356b8f\" data-element_type=\"section\" data-e-type=\"section\">\n\t\t\t\t\t\t<div class=\"elementor-container elementor-column-gap-default\">\n\t\t\t\t\t<div class=\"elementor-column elementor-col-100 elementor-top-column elementor-element elementor-element-822b989\" data-id=\"822b989\" data-element_type=\"column\" data-e-type=\"column\">\n\t\t\t<div class=\"elementor-widget-wrap elementor-element-populated\">\n\t\t\t\t\t\t<div class=\"elementor-element elementor-element-4635720 elementor-widget elementor-widget-heading\" data-id=\"4635720\" data-element_type=\"widget\" data-e-type=\"widget\" data-widget_type=\"heading.default\">\n\t\t\t\t<div class=\"elementor-widget-container\">\n\t\t\t\t\t<h2 class=\"elementor-heading-title elementor-size-default\">La suite sur RT France :<\/h2>\t\t\t\t<\/div>\n\t\t\t\t<\/div>\n\t\t\t\t\t<\/div>\n\t\t<\/div>\n\t\t\t\t\t<\/div>\n\t\t<\/section>\n\t\t\t\t<section class=\"elementor-section elementor-top-section elementor-element elementor-element-baf7b62 elementor-section-boxed elementor-section-height-default elementor-section-height-default\" data-id=\"baf7b62\" data-element_type=\"section\" data-e-type=\"section\">\n\t\t\t\t\t\t<div class=\"elementor-container elementor-column-gap-default\">\n\t\t\t\t\t<div class=\"elementor-column elementor-col-100 elementor-top-column elementor-element elementor-element-d833e0b\" data-id=\"d833e0b\" data-element_type=\"column\" data-e-type=\"column\">\n\t\t\t<div class=\"elementor-widget-wrap elementor-element-populated\">\n\t\t\t\t\t\t<div class=\"elementor-element elementor-element-07d3444 elementor-button-info elementor-align-center elementor-widget elementor-widget-button\" data-id=\"07d3444\" data-element_type=\"widget\" data-e-type=\"widget\" data-widget_type=\"button.default\">\n\t\t\t\t<div class=\"elementor-widget-container\">\n\t\t\t\t\t\t\t\t\t<div class=\"elementor-button-wrapper\">\n\t\t\t\t\t<a class=\"elementor-button elementor-button-link elementor-size-xl\" href=\"https:\/\/francais.rt.com\/france\/57091-christian-hutin-sur-gilets-jaunes-revolte-expression-genie-francais?fbclid=IwAR3vRT1PcdIPBZEbc-jAQWZCG5nmYLeS2rdkzChf7sQV01NQJdkEpZpR_84\">\n\t\t\t\t\t\t<span class=\"elementor-button-content-wrapper\">\n\t\t\t\t\t\t\t\t\t<span class=\"elementor-button-text\">Cliquez ici<\/span>\n\t\t\t\t\t<\/span>\n\t\t\t\t\t<\/a>\n\t\t\t\t<\/div>\n\t\t\t\t\t\t\t\t<\/div>\n\t\t\t\t<\/div>\n\t\t\t\t\t<\/div>\n\t\t<\/div>\n\t\t\t\t\t<\/div>\n\t\t<\/section>\n\t\t\t\t<\/div>\n\t\t","protected":false},"excerpt":{"rendered":"<p>Christian Hutin analyse le mouvement des Gilets jaunes pour RT France. Le d\u00e9put\u00e9 chev\u00e8nementiste se r\u00e9jouit de voir les Gilets jaunes parvenir \u00e0 faire bouger certaines lignes, comme en t\u00e9moigne la d\u00e9cision de l&rsquo;Etat de taxer les Gafa. (ENTRETIEN) Christian Hutin est d\u00e9put\u00e9 du Mouvement r\u00e9publicain et citoyen (MRC) du Nord depuis 2012. Chev\u00e8nementiste, il [&hellip;]<\/p>\n","protected":false},"author":1,"featured_media":0,"parent":0,"menu_order":0,"comment_status":"closed","ping_status":"closed","template":"","meta":{"footnotes":""},"class_list":["post-2648","page","type-page","status-publish","hentry"],"_links":{"self":[{"href":"https:\/\/mrc92.fr\/index.php\/wp-json\/wp\/v2\/pages\/2648","targetHints":{"allow":["GET"]}}],"collection":[{"href":"https:\/\/mrc92.fr\/index.php\/wp-json\/wp\/v2\/pages"}],"about":[{"href":"https:\/\/mrc92.fr\/index.php\/wp-json\/wp\/v2\/types\/page"}],"author":[{"embeddable":true,"href":"https:\/\/mrc92.fr\/index.php\/wp-json\/wp\/v2\/users\/1"}],"replies":[{"embeddable":true,"href":"https:\/\/mrc92.fr\/index.php\/wp-json\/wp\/v2\/comments?post=2648"}],"version-history":[{"count":3,"href":"https:\/\/mrc92.fr\/index.php\/wp-json\/wp\/v2\/pages\/2648\/revisions"}],"predecessor-version":[{"id":2651,"href":"https:\/\/mrc92.fr\/index.php\/wp-json\/wp\/v2\/pages\/2648\/revisions\/2651"}],"wp:attachment":[{"href":"https:\/\/mrc92.fr\/index.php\/wp-json\/wp\/v2\/media?parent=2648"}],"curies":[{"name":"wp","href":"https:\/\/api.w.org\/{rel}","templated":true}]}}